{"id":813,"date":"2021-01-27T10:49:44","date_gmt":"2021-01-27T10:49:44","guid":{"rendered":"http:\/\/beplanet.tv\/pagina-ejemplo\/"},"modified":"2021-02-12T10:11:50","modified_gmt":"2021-02-12T10:11:50","slug":"pagina-ejemplo","status":"publish","type":"page","link":"https:\/\/beplanet.tv\/es\/","title":{"rendered":"Inicio"},"content":{"rendered":"\r\n<p>Empresa Audiovisual especializada en Congresos, Ruedas de prensa y Programas de Televisi\u00f3n Online y Virtuales.<br \/>20 a\u00f1os de experiencia en el sector audiovisual realizando eventos Virtuales y Eventos Online para empresas, instituciones, entidades y clubes deportivos.<\/p>\r\n<p>Emisi\u00f3n Virtual a trav\u00e9s de plataformas Online y canales propios, tambi\u00e9n emisi\u00f3n a trav\u00e9s de redes sociales simult\u00e1neamente y en directo.<\/p>\r\n<p>Proyectos singulares por asambleas de socios Virtuales \/ Online, reuniones de empresa Virtuales \/ Online, actos con lenguaje de signos Virtuales \/ Online, Traducci\u00f3n simult\u00e1nea Virtuales \/ Online y presentaciones Virtuales \/ Online v\u00eda redes sociales.<\/p>\r\n","protected":false},"excerpt":{"rendered":"<p>Empresa Audiovisual especializada en Congresos, Ruedas de prensa y Programas de Televisi\u00f3n Online y Virtuales.20 a\u00f1os de experiencia en el sector audiovisual realizando eventos Virtuales y Eventos Online para empresas, instituciones, entidades y clubes deportivos. Emisi\u00f3n Virtual a trav\u00e9s de plataformas Online y canales propios, tambi\u00e9n emisi\u00f3n a trav\u00e9s de redes sociales simult\u00e1neamente y en [&hellip;]<\/p>\n","protected":false},"author":1,"featured_media":0,"parent":0,"menu_order":0,"comment_status":"closed","ping_status":"open","template":"","meta":[],"acf":[],"_links":{"self":[{"href":"https:\/\/beplanet.tv\/es\/wp-json\/wp\/v2\/pages\/813"}],"collection":[{"href":"https:\/\/beplanet.tv\/es\/wp-json\/wp\/v2\/pages"}],"about":[{"href":"https:\/\/beplanet.tv\/es\/wp-json\/wp\/v2\/types\/page"}],"author":[{"embeddable":true,"href":"https:\/\/beplanet.tv\/es\/wp-json\/wp\/v2\/users\/1"}],"replies":[{"embeddable":true,"href":"https:\/\/beplanet.tv\/es\/wp-json\/wp\/v2\/comments?post=813"}],"version-history":[{"count":1,"href":"https:\/\/beplanet.tv\/es\/wp-json\/wp\/v2\/pages\/813\/revisions"}],"predecessor-version":[{"id":815,"href":"https:\/\/beplanet.tv\/es\/wp-json\/wp\/v2\/pages\/813\/revisions\/815"}],"wp:attachment":[{"href":"https:\/\/beplanet.tv\/es\/wp-json\/wp\/v2\/media?parent=813"}],"curies":[{"name":"wp","href":"https:\/\/api.w.org\/{rel}","templated":true}]}}