{"id":808,"date":"2021-02-03T09:36:58","date_gmt":"2021-02-03T09:36:58","guid":{"rendered":"http:\/\/beplanet.tv\/solucions-virtuals-online-per-empreses\/"},"modified":"2021-02-12T10:23:50","modified_gmt":"2021-02-12T10:23:50","slug":"soluciones-virtuales-online-para-empresas","status":"publish","type":"page","link":"https:\/\/beplanet.tv\/es\/sectores\/soluciones-virtuales-online-para-empresas\/","title":{"rendered":"SOLUCIONES VIRTUALES \/ ONLINE PARA EMPRESAS"},"content":{"rendered":"<blockquote><p><strong>Reuniones telem\u00e1ticas<br \/>\nCongresos semipresenciales<br \/>\nCongresos online<br \/>\nAsambleas y Juntas de accionistas con votaci\u00f3n telem\u00e1tica<\/strong><\/p><\/blockquote>\n","protected":false},"excerpt":{"rendered":"<p>Reuniones telem\u00e1ticas Congresos semipresenciales Congresos online Asambleas y Juntas de accionistas con votaci\u00f3n telem\u00e1tica<\/p>\n","protected":false},"author":1,"featured_media":0,"parent":810,"menu_order":0,"comment_status":"closed","ping_status":"closed","template":"","meta":[],"acf":[],"_links":{"self":[{"href":"https:\/\/beplanet.tv\/es\/wp-json\/wp\/v2\/pages\/808"}],"collection":[{"href":"https:\/\/beplanet.tv\/es\/wp-json\/wp\/v2\/pages"}],"about":[{"href":"https:\/\/beplanet.tv\/es\/wp-json\/wp\/v2\/types\/page"}],"author":[{"embeddable":true,"href":"https:\/\/beplanet.tv\/es\/wp-json\/wp\/v2\/users\/1"}],"replies":[{"embeddable":true,"href":"https:\/\/beplanet.tv\/es\/wp-json\/wp\/v2\/comments?post=808"}],"version-history":[{"count":3,"href":"https:\/\/beplanet.tv\/es\/wp-json\/wp\/v2\/pages\/808\/revisions"}],"predecessor-version":[{"id":823,"href":"https:\/\/beplanet.tv\/es\/wp-json\/wp\/v2\/pages\/808\/revisions\/823"}],"up":[{"embeddable":true,"href":"https:\/\/beplanet.tv\/es\/wp-json\/wp\/v2\/pages\/810"}],"wp:attachment":[{"href":"https:\/\/beplanet.tv\/es\/wp-json\/wp\/v2\/media?parent=808"}],"curies":[{"name":"wp","href":"https:\/\/api.w.org\/{rel}","templated":true}]}}