{"id":803,"date":"2021-02-03T09:37:49","date_gmt":"2021-02-03T09:37:49","guid":{"rendered":"http:\/\/beplanet.tv\/congressos\/"},"modified":"2021-02-12T10:27:30","modified_gmt":"2021-02-12T10:27:30","slug":"congresos","status":"publish","type":"page","link":"https:\/\/beplanet.tv\/es\/tipus\/congresos\/","title":{"rendered":"CONGRESOS"},"content":{"rendered":"<p>Conectamos el p\u00fablico con los ponentes, semipresencial (ponentes a plat\u00f3 y p\u00fablico online) o totalmente online.<\/p>\n<p>Convertimos los eventos Virtuales en una experiencia televisiva, caretas de entrada, m\u00fasicas, videos, baldosas, presentaciones con power point, intervenciones din\u00e1micas.<\/p>\n<p>Desarrollamos los proyectos de forma personalizada para cada evento.<\/p>\n","protected":false},"excerpt":{"rendered":"<p>Conectamos el p\u00fablico con los ponentes, semipresencial (ponentes a plat\u00f3 y p\u00fablico online) o totalmente online. Convertimos los eventos Virtuales en una experiencia televisiva, caretas de entrada, m\u00fasicas, videos, baldosas, presentaciones con power point, intervenciones din\u00e1micas. Desarrollamos los proyectos de forma personalizada para cada evento.<\/p>\n","protected":false},"author":1,"featured_media":0,"parent":805,"menu_order":0,"comment_status":"closed","ping_status":"closed","template":"","meta":[],"acf":[],"_links":{"self":[{"href":"https:\/\/beplanet.tv\/es\/wp-json\/wp\/v2\/pages\/803"}],"collection":[{"href":"https:\/\/beplanet.tv\/es\/wp-json\/wp\/v2\/pages"}],"about":[{"href":"https:\/\/beplanet.tv\/es\/wp-json\/wp\/v2\/types\/page"}],"author":[{"embeddable":true,"href":"https:\/\/beplanet.tv\/es\/wp-json\/wp\/v2\/users\/1"}],"replies":[{"embeddable":true,"href":"https:\/\/beplanet.tv\/es\/wp-json\/wp\/v2\/comments?post=803"}],"version-history":[{"count":2,"href":"https:\/\/beplanet.tv\/es\/wp-json\/wp\/v2\/pages\/803\/revisions"}],"predecessor-version":[{"id":827,"href":"https:\/\/beplanet.tv\/es\/wp-json\/wp\/v2\/pages\/803\/revisions\/827"}],"up":[{"embeddable":true,"href":"https:\/\/beplanet.tv\/es\/wp-json\/wp\/v2\/pages\/805"}],"wp:attachment":[{"href":"https:\/\/beplanet.tv\/es\/wp-json\/wp\/v2\/media?parent=803"}],"curies":[{"name":"wp","href":"https:\/\/api.w.org\/{rel}","templated":true}]}}