{"id":801,"date":"2021-02-03T09:37:55","date_gmt":"2021-02-03T09:37:55","guid":{"rendered":"http:\/\/beplanet.tv\/rodes-de-premsa\/"},"modified":"2021-02-12T10:29:47","modified_gmt":"2021-02-12T10:29:47","slug":"ruedas-de-prensa","status":"publish","type":"page","link":"https:\/\/beplanet.tv\/es\/tipus\/ruedas-de-prensa\/","title":{"rendered":"RUEDAS DE PRENSA"},"content":{"rendered":"<p>Expertos en el protocolo y el desarrollo de las ruedas de prensa institucionales y de entidades.<\/p>\n<p>Hemos desarrollado una metodolog\u00eda y unos protocolos de actuaci\u00f3n que aseguran la mejor calidad en ruedas de prensa, sin problemas con los periodistas de la mano de los responsables de comunicaci\u00f3n y en coordinaci\u00f3n con televisiones y emisiones externas.<\/p>\n<p>Experiencia en m\u00e1s de un punto de comparecencia simult\u00e1neo y en ruedas de prensa con traducci\u00f3n simult\u00e1nea, ruedas de prensa virtuales con traducci\u00f3n de lengua de signos y ruedas de prensa virtuales con subt\u00edtulos para personas sordas.<\/p>\n","protected":false},"excerpt":{"rendered":"<p>Expertos en el protocolo y el desarrollo de las ruedas de prensa institucionales y de entidades. Hemos desarrollado una metodolog\u00eda y unos protocolos de actuaci\u00f3n que aseguran la mejor calidad en ruedas de prensa, sin problemas con los periodistas de la mano de los responsables de comunicaci\u00f3n y en coordinaci\u00f3n con televisiones y emisiones externas. [&hellip;]<\/p>\n","protected":false},"author":1,"featured_media":0,"parent":805,"menu_order":0,"comment_status":"closed","ping_status":"closed","template":"","meta":[],"acf":[],"_links":{"self":[{"href":"https:\/\/beplanet.tv\/es\/wp-json\/wp\/v2\/pages\/801"}],"collection":[{"href":"https:\/\/beplanet.tv\/es\/wp-json\/wp\/v2\/pages"}],"about":[{"href":"https:\/\/beplanet.tv\/es\/wp-json\/wp\/v2\/types\/page"}],"author":[{"embeddable":true,"href":"https:\/\/beplanet.tv\/es\/wp-json\/wp\/v2\/users\/1"}],"replies":[{"embeddable":true,"href":"https:\/\/beplanet.tv\/es\/wp-json\/wp\/v2\/comments?post=801"}],"version-history":[{"count":1,"href":"https:\/\/beplanet.tv\/es\/wp-json\/wp\/v2\/pages\/801\/revisions"}],"predecessor-version":[{"id":831,"href":"https:\/\/beplanet.tv\/es\/wp-json\/wp\/v2\/pages\/801\/revisions\/831"}],"up":[{"embeddable":true,"href":"https:\/\/beplanet.tv\/es\/wp-json\/wp\/v2\/pages\/805"}],"wp:attachment":[{"href":"https:\/\/beplanet.tv\/es\/wp-json\/wp\/v2\/media?parent=801"}],"curies":[{"name":"wp","href":"https:\/\/api.w.org\/{rel}","templated":true}]}}