{"id":793,"date":"2021-02-03T09:38:24","date_gmt":"2021-02-03T09:38:24","guid":{"rendered":"http:\/\/beplanet.tv\/streamings-per-rodatges\/"},"modified":"2021-02-12T10:31:00","modified_gmt":"2021-02-12T10:31:00","slug":"streamings-para-rodajes","status":"publish","type":"page","link":"https:\/\/beplanet.tv\/es\/tipus\/streamings-para-rodajes\/","title":{"rendered":"STREAMINGS PARA RODAJES"},"content":{"rendered":"<p>Tu rodaje requiere la asistencia del cliente y \u00e9ste no se quiere desplazar de su pa\u00eds &#8230; de su ciudad &#8230;. de su despacho &#8230; de su silla &#8230;<\/p>\n<p>Pone a su disposici\u00f3n la experiencia de estar en el rodaje desde cualquier lugar de mundo y ahorrar en desplazamientos e interminables horas en el set.<\/p>\n<p>La tecnolog\u00eda y configuraci\u00f3n de BePlanet nos permite enviar se\u00f1al de c\u00e1mara de rodaje + se\u00f1al de c\u00e1mara itinerante con im\u00e1genes de la preparaci\u00f3n del set + reuniones en tiempo real y sin delays + intercambio de documentos, Storyboards, guiones + im\u00e1genes &#8230; y todo en directo y con una, dos o m\u00e1s personas asistiendo al rodaje desde diferentes ubicaciones.<\/p>\n<p>Nos incorporamos al equipo de rodaje y trabajamos de forma aut\u00f3noma para que nuestro trabajo no interfiera en tu rodaje.<\/p>\n","protected":false},"excerpt":{"rendered":"<p>Tu rodaje requiere la asistencia del cliente y \u00e9ste no se quiere desplazar de su pa\u00eds &#8230; de su ciudad &#8230;. de su despacho &#8230; de su silla &#8230; Pone a su disposici\u00f3n la experiencia de estar en el rodaje desde cualquier lugar de mundo y ahorrar en desplazamientos e interminables horas en el set. [&hellip;]<\/p>\n","protected":false},"author":1,"featured_media":0,"parent":805,"menu_order":0,"comment_status":"closed","ping_status":"closed","template":"","meta":[],"acf":[],"_links":{"self":[{"href":"https:\/\/beplanet.tv\/es\/wp-json\/wp\/v2\/pages\/793"}],"collection":[{"href":"https:\/\/beplanet.tv\/es\/wp-json\/wp\/v2\/pages"}],"about":[{"href":"https:\/\/beplanet.tv\/es\/wp-json\/wp\/v2\/types\/page"}],"author":[{"embeddable":true,"href":"https:\/\/beplanet.tv\/es\/wp-json\/wp\/v2\/users\/1"}],"replies":[{"embeddable":true,"href":"https:\/\/beplanet.tv\/es\/wp-json\/wp\/v2\/comments?post=793"}],"version-history":[{"count":2,"href":"https:\/\/beplanet.tv\/es\/wp-json\/wp\/v2\/pages\/793\/revisions"}],"predecessor-version":[{"id":833,"href":"https:\/\/beplanet.tv\/es\/wp-json\/wp\/v2\/pages\/793\/revisions\/833"}],"up":[{"embeddable":true,"href":"https:\/\/beplanet.tv\/es\/wp-json\/wp\/v2\/pages\/805"}],"wp:attachment":[{"href":"https:\/\/beplanet.tv\/es\/wp-json\/wp\/v2\/media?parent=793"}],"curies":[{"name":"wp","href":"https:\/\/api.w.org\/{rel}","templated":true}]}}