{"id":791,"date":"2021-02-03T09:38:34","date_gmt":"2021-02-03T09:38:34","guid":{"rendered":"http:\/\/beplanet.tv\/directes-per-xarxes-socials\/"},"modified":"2021-02-12T10:28:21","modified_gmt":"2021-02-12T10:28:21","slug":"directos-para-redes-sociales","status":"publish","type":"page","link":"https:\/\/beplanet.tv\/es\/tipus\/directos-para-redes-sociales\/","title":{"rendered":"DIRECTOS PARA REDES SOCIALES"},"content":{"rendered":"<p>Emisi\u00f3n de un directo o de un falso directo a trav\u00e9s de las redes sociales propias o de partners, posibilidad de emitir de forma simult\u00e1nea a trav\u00e9s de diferentes cuentas de una misma red para conseguir notoriedad y popularidad a trav\u00e9s de los influencers participantes de la campa\u00f1a.<\/p>\n","protected":false},"excerpt":{"rendered":"<p>Emisi\u00f3n de un directo o de un falso directo a trav\u00e9s de las redes sociales propias o de partners, posibilidad de emitir de forma simult\u00e1nea a trav\u00e9s de diferentes cuentas de una misma red para conseguir notoriedad y popularidad a trav\u00e9s de los influencers participantes de la campa\u00f1a.<\/p>\n","protected":false},"author":1,"featured_media":0,"parent":805,"menu_order":0,"comment_status":"closed","ping_status":"closed","template":"","meta":[],"acf":[],"_links":{"self":[{"href":"https:\/\/beplanet.tv\/es\/wp-json\/wp\/v2\/pages\/791"}],"collection":[{"href":"https:\/\/beplanet.tv\/es\/wp-json\/wp\/v2\/pages"}],"about":[{"href":"https:\/\/beplanet.tv\/es\/wp-json\/wp\/v2\/types\/page"}],"author":[{"embeddable":true,"href":"https:\/\/beplanet.tv\/es\/wp-json\/wp\/v2\/users\/1"}],"replies":[{"embeddable":true,"href":"https:\/\/beplanet.tv\/es\/wp-json\/wp\/v2\/comments?post=791"}],"version-history":[{"count":2,"href":"https:\/\/beplanet.tv\/es\/wp-json\/wp\/v2\/pages\/791\/revisions"}],"predecessor-version":[{"id":829,"href":"https:\/\/beplanet.tv\/es\/wp-json\/wp\/v2\/pages\/791\/revisions\/829"}],"up":[{"embeddable":true,"href":"https:\/\/beplanet.tv\/es\/wp-json\/wp\/v2\/pages\/805"}],"wp:attachment":[{"href":"https:\/\/beplanet.tv\/es\/wp-json\/wp\/v2\/media?parent=791"}],"curies":[{"name":"wp","href":"https:\/\/api.w.org\/{rel}","templated":true}]}}