{"id":789,"date":"2021-02-03T11:21:12","date_gmt":"2021-02-03T11:21:12","guid":{"rendered":"http:\/\/beplanet.tv\/solucions-virtuals-online-per-entitats\/"},"modified":"2021-02-12T10:23:40","modified_gmt":"2021-02-12T10:23:40","slug":"soluciones-virtuales-online-para-entidades","status":"publish","type":"page","link":"https:\/\/beplanet.tv\/es\/sectores\/soluciones-virtuales-online-para-entidades\/","title":{"rendered":"SOLUCIONES VIRTUALES \/ ONLINE PARA ENTIDADES"},"content":{"rendered":"<blockquote><p><strong>Reuniones telem\u00e1ticas<br \/>\nCongresos semipresenciales<br \/>\nCongresos online<br \/>\nAsambleas y Juntas de accionistas con votaci\u00f3n telem\u00e1tica<br \/>\nPresentaciones de libros o actos culturales Online<\/strong><\/p><\/blockquote>\n","protected":false},"excerpt":{"rendered":"<p>Reuniones telem\u00e1ticas Congresos semipresenciales Congresos online Asambleas y Juntas de accionistas con votaci\u00f3n telem\u00e1tica Presentaciones de libros o actos culturales Online<\/p>\n","protected":false},"author":1,"featured_media":0,"parent":810,"menu_order":0,"comment_status":"closed","ping_status":"closed","template":"","meta":[],"acf":[],"_links":{"self":[{"href":"https:\/\/beplanet.tv\/es\/wp-json\/wp\/v2\/pages\/789"}],"collection":[{"href":"https:\/\/beplanet.tv\/es\/wp-json\/wp\/v2\/pages"}],"about":[{"href":"https:\/\/beplanet.tv\/es\/wp-json\/wp\/v2\/types\/page"}],"author":[{"embeddable":true,"href":"https:\/\/beplanet.tv\/es\/wp-json\/wp\/v2\/users\/1"}],"replies":[{"embeddable":true,"href":"https:\/\/beplanet.tv\/es\/wp-json\/wp\/v2\/comments?post=789"}],"version-history":[{"count":2,"href":"https:\/\/beplanet.tv\/es\/wp-json\/wp\/v2\/pages\/789\/revisions"}],"predecessor-version":[{"id":822,"href":"https:\/\/beplanet.tv\/es\/wp-json\/wp\/v2\/pages\/789\/revisions\/822"}],"up":[{"embeddable":true,"href":"https:\/\/beplanet.tv\/es\/wp-json\/wp\/v2\/pages\/810"}],"wp:attachment":[{"href":"https:\/\/beplanet.tv\/es\/wp-json\/wp\/v2\/media?parent=789"}],"curies":[{"name":"wp","href":"https:\/\/api.w.org\/{rel}","templated":true}]}}