{"id":780,"date":"2021-02-10T11:45:57","date_gmt":"2021-02-10T11:45:57","guid":{"rendered":"http:\/\/beplanet.tv\/politica-de-privacitat\/"},"modified":"2021-02-10T11:45:57","modified_gmt":"2021-02-10T11:45:57","slug":"politica-de-privacitat","status":"publish","type":"page","link":"https:\/\/beplanet.tv\/es\/politica-de-privacitat\/","title":{"rendered":"Pol\u00edtica de privacitat"},"content":{"rendered":"<p><strong>RESPONSABLE:<\/strong><br \/>\nPRODUCCIONS PLANETARIES SOLUCIONS AUDIOVISUALS SL<\/p>\n<p><strong>FINALIDAD:<\/strong><br \/>\nGESTI\u00d3N DE CONSULTA Y REQUERIMIENTOS WEB; GESTI\u00d3N DE LOS CLIENTES POTENCIALES Y CONTACTOS DE LA EMPRESA; ENV\u00cdO DE COMUNICACIONES COMERCIALES Y PROMOCIONALES; GESTI\u00d3N DE LA RELACI\u00d3N CONTRACTUAL CON LOS CLIENTES; MANTENIMIENTO DE LISTAS DE SUPRESI\u00d3N ACTUALIZADAS PARA EVITAR SER CONTACTADO SI USTED LO SOLICITA; PERMITIR EL FUNCIONAMIENTO DE NUESTRO SITIO WEB\/APLICACIONES A TRAV\u00c9S DE COOKIES T\u00c9CNICAS Y FUNCIONALES; REALIZACI\u00d3N DE ESTAD\u00cdSTICAS<\/p>\n<p><strong>LEGITIMACI\u00d3N:<\/strong><br \/>\nCONSENTIMIENTO EXPRESO, CUMPLIMIENTO DE UNA RELACI\u00d3N CONTRACTUAL E INTER\u00c9S LEG\u00cdTIMO.<\/p>\n<p><strong>DESTINATARIOS:<\/strong><br \/>\nNO SE CEDER\u00c1N DATOS A TERCEROS, SALVO OBLIGACI\u00d3N LEGAL<\/p>\n<p><strong>EJERCICIO DE DERECHOS:<\/strong><br \/>\nrgpd@propla.net<\/p>\n<p><strong>INFORMACI\u00d3N ADICIONAL:<\/strong><br \/>\nPUEDE CONSULTAR LA INFORMACI\u00d3N ADICIONAL Y DETALLADA SOBRE NUESTRA POL\u00cdTICA DE PROTECCI\u00d3N DE DATOS EN LAS CL\u00c1USULAS QUE SE PRESENTAN A CONTINUACI\u00d3N.<\/p>\n<p>Las finalidades de las operaciones de procesamiento de datos que lleva acabo PRODUCCIONS PLANET\u00c0RIES como RESPONSABLE DE TRATAMIENTO son exclusivamente env\u00edo de comunicaciones comerciales y promocionales, gesti\u00f3n de la relaci\u00f3n contractual con los clientes, mantenimiento de listas de supresi\u00f3n actualizadas para evitar ser contactado si usted lo solicita, permitir el funcionamiento de nuestro sitio web\/aplicaciones a trav\u00e9s de cookies t\u00e9cnicas y funcionales, y realizaci\u00f3n de estad\u00edsticas, la gesti\u00f3n de la relaci\u00f3n con los clientes potenciales y los contactos, as\u00ed como para fines comerciales y de mejora de su experiencia en l\u00ednea.<\/p>\n<p>Las categor\u00edas de datos tratados por PRODUCCIONS PLANET\u00c0RIES corresponden a<\/p>\n<p>Datos de identificativo,<br \/>\nDirecciones postales o electr\u00f3nicas<br \/>\nInformaci\u00f3n comercial y econ\u00f3mica,<br \/>\nCaracter\u00edsticas personales.<br \/>\nMientras no se nos comunique lo contrario, entenderemos que los datos facilitados no han sido modificados, que usted se compromete a notificarnos cualquier variaci\u00f3n y que tenemos su consentimiento para utilizarlos para las finalidades mencionadas.<\/p>\n<p>La base legal para los distintos tratamientos en funci\u00f3n de las distintas finalidades perseguidas es de:<\/p>\n<p>Env\u00edo de comunicaciones comerciales y promocionales: CONSENTIMIENTO EXPRESO.<br \/>\nGesti\u00f3n de la relaci\u00f3n contractual con los clientes: CUMPLIMIENTO DE UNA RELACI\u00d3N CONTRACTUAL.<br \/>\nMantenimiento de listas de supresi\u00f3n actualizadas para evitar ser contactado si usted lo solicita: OBLIGACI\u00d3N LEGAL.<br \/>\nPermitir el funcionamiento de nuestro sitio web\/aplicaciones a trav\u00e9s de cookies t\u00e9cnicas y funcionales: INTER\u00c9S LEG\u00cdTIMO.<br \/>\nRealizaci\u00f3n de estad\u00edsticas: INTER\u00c9S LEG\u00cdTIMO.<br \/>\nLe informamos que el uso de los formularios disponibles en &lt;www.propla.net&gt; est\u00e1 limitado a usuarios mayores de edad, por lo que al utilizar cualquiera de ellos, usted garantiza que cumple con este requisito y acepta las consecuencias que se deriven en caso de no ser as\u00ed. Los formularios puestos a su disposici\u00f3n pueden rellenarse en el idioma que usted desee, sin embargo, PRODUCCIONS PLANET\u00c0RIES no se hace responsable de los errores o de la imposibilidad de atender su solicitud debido al uso de un idioma inadecuado. La cumplimentaci\u00f3n de los formularios, as\u00ed como de cualquier otro cuestionario que pueda facilitarse en un futuro, es totalmente potestativa, no obstante, la negativa a facilitar determinados datos, podr\u00e1 suponer la imposibilidad de cumplir con su petici\u00f3n.<\/p>\n<p>PRODUCCIONS PLANET\u00c0RIES ha adoptado los niveles de seguridad de protecci\u00f3n de los datos personales legalmente requeridos, y procura instalar aquellos medios o medidas t\u00e9cnicas adicionales a su alcance para evitar la p\u00e9rdida, mal uso, alteraci\u00f3n, acceso no autorizado y robo de los datos personales facilitados, y por eso le garantizamos la mayor confidencialidad en su tratamiento, confirmando que no se realizar\u00e1 ninguna cesi\u00f3n de los mismos a terceros.<\/p>\n<p>Al entregar voluntariamente sus datos CONSIENTE EXPRESAMENTE su tratamiento automatizado o no por parte de PRODUCCIONS PLANET\u00c0RIES, as\u00ed como su comunicaci\u00f3n a entidades cuya conexi\u00f3n con sus datos sea necesaria o legalmente obligatoria, y en el caso de comunicaciones comerciales v\u00eda correo electr\u00f3nico o medio equivalente, CONSIENTE EXPRESAMENTE su recepci\u00f3n.<\/p>\n<p>El consentimiento otorgado podr\u00e1 ser revocado en cualquier momento mediante el ejercicio de los derechos de limitaci\u00f3n del tratamiento, portabilidad de los datos, acceso, rectificaci\u00f3n, cancelaci\u00f3n y oposici\u00f3n, que PRODUCCIONS PLANET\u00c0RIES le garantiza, dirigi\u00e9ndose por escrito a rgpd@propla.net.<\/p>\n<p>&nbsp;<\/p>\n<p>&nbsp;<\/p>\n","protected":false},"excerpt":{"rendered":"<p>RESPONSABLE: PRODUCCIONS PLANETARIES SOLUCIONS AUDIOVISUALS SL FINALIDAD: GESTI\u00d3N DE CONSULTA Y REQUERIMIENTOS WEB; GESTI\u00d3N DE LOS CLIENTES POTENCIALES Y CONTACTOS DE LA EMPRESA; ENV\u00cdO DE COMUNICACIONES COMERCIALES Y PROMOCIONALES; GESTI\u00d3N DE LA RELACI\u00d3N CONTRACTUAL CON LOS CLIENTES; MANTENIMIENTO DE LISTAS DE SUPRESI\u00d3N ACTUALIZADAS PARA EVITAR SER CONTACTADO SI USTED LO SOLICITA; PERMITIR EL FUNCIONAMIENTO DE [&hellip;]<\/p>\n","protected":false},"author":1,"featured_media":0,"parent":0,"menu_order":0,"comment_status":"closed","ping_status":"closed","template":"page-legal.php","meta":[],"acf":[],"_links":{"self":[{"href":"https:\/\/beplanet.tv\/es\/wp-json\/wp\/v2\/pages\/780"}],"collection":[{"href":"https:\/\/beplanet.tv\/es\/wp-json\/wp\/v2\/pages"}],"about":[{"href":"https:\/\/beplanet.tv\/es\/wp-json\/wp\/v2\/types\/page"}],"author":[{"embeddable":true,"href":"https:\/\/beplanet.tv\/es\/wp-json\/wp\/v2\/users\/1"}],"replies":[{"embeddable":true,"href":"https:\/\/beplanet.tv\/es\/wp-json\/wp\/v2\/comments?post=780"}],"version-history":[{"count":0,"href":"https:\/\/beplanet.tv\/es\/wp-json\/wp\/v2\/pages\/780\/revisions"}],"wp:attachment":[{"href":"https:\/\/beplanet.tv\/es\/wp-json\/wp\/v2\/media?parent=780"}],"curies":[{"name":"wp","href":"https:\/\/api.w.org\/{rel}","templated":true}]}}