{"id":812,"date":"2021-01-27T10:49:44","date_gmt":"2021-01-27T10:49:44","guid":{"rendered":"http:\/\/beplanet.tv\/pagina-ejemplo\/"},"modified":"2021-02-12T11:36:18","modified_gmt":"2021-02-12T11:36:18","slug":"home","status":"publish","type":"page","link":"https:\/\/beplanet.tv\/en\/","title":{"rendered":"Home"},"content":{"rendered":"\r\n<p><span style=\"font-weight: 400;\">Empresa Audiovisual especialitzada en Congressos, Rodes de premsa i Programes de Televisi\u00f3 Online i Virtuals.<br \/><\/span><span style=\"font-weight: 400;\">20 anys d\u2019experi\u00e8ncia en el sector audiovisual realitzant esdeveniments Virtuals i Esdeveniments Online per empreses, institucions, entitats i clubs esportius.<\/span><\/p>\r\n<p><span style=\"font-weight: 400;\">Emissi\u00f3 Virtual a trav\u00e9s de plataformes Online i canals propis, tamb\u00e9 emissi\u00f3 a trav\u00e9s de xarxes socials simult\u00e0niament i en directe.<\/span><\/p>\r\n<p><span style=\"font-weight: 400;\">Projectes singulars per assemblees de socis Virtuals \/ Online, reunions d\u2019empresa Virtuals \/ Online, actes amb llenguatge de signes Virtuals \/ Online, Traducci\u00f3 simult\u00e0nia Virtuals \/ Online i presentacions Virtuals \/ Online via xarxes socials.<\/span><\/p>\r\n","protected":false},"excerpt":{"rendered":"<p>Empresa Audiovisual especialitzada en Congressos, Rodes de premsa i Programes de Televisi\u00f3 Online i Virtuals.20 anys d\u2019experi\u00e8ncia en el sector audiovisual realitzant esdeveniments Virtuals i Esdeveniments Online per empreses, institucions, entitats i clubs esportius. Emissi\u00f3 Virtual a trav\u00e9s de plataformes Online i canals propis, tamb\u00e9 emissi\u00f3 a trav\u00e9s de xarxes socials simult\u00e0niament i en directe. [&hellip;]<\/p>\n","protected":false},"author":1,"featured_media":0,"parent":0,"menu_order":0,"comment_status":"closed","ping_status":"open","template":"","meta":[],"acf":[],"_links":{"self":[{"href":"https:\/\/beplanet.tv\/en\/wp-json\/wp\/v2\/pages\/812"}],"collection":[{"href":"https:\/\/beplanet.tv\/en\/wp-json\/wp\/v2\/pages"}],"about":[{"href":"https:\/\/beplanet.tv\/en\/wp-json\/wp\/v2\/types\/page"}],"author":[{"embeddable":true,"href":"https:\/\/beplanet.tv\/en\/wp-json\/wp\/v2\/users\/1"}],"replies":[{"embeddable":true,"href":"https:\/\/beplanet.tv\/en\/wp-json\/wp\/v2\/comments?post=812"}],"version-history":[{"count":1,"href":"https:\/\/beplanet.tv\/en\/wp-json\/wp\/v2\/pages\/812\/revisions"}],"predecessor-version":[{"id":876,"href":"https:\/\/beplanet.tv\/en\/wp-json\/wp\/v2\/pages\/812\/revisions\/876"}],"wp:attachment":[{"href":"https:\/\/beplanet.tv\/en\/wp-json\/wp\/v2\/media?parent=812"}],"curies":[{"name":"wp","href":"https:\/\/api.w.org\/{rel}","templated":true}]}}